{"id":287,"date":"2025-12-13T22:17:25","date_gmt":"2025-12-13T22:17:25","guid":{"rendered":"https:\/\/caisi-2025.local\/?page_id=287"},"modified":"2026-01-15T21:13:34","modified_gmt":"2026-01-15T21:13:34","slug":"assurer-la-securite-des-systemes-dia-critiques","status":"publish","type":"page","link":"https:\/\/report.buildingsafeai.ca\/fr\/assurer-la-securite-des-systemes-dia-critiques\/","title":{"rendered":"Assurer la s\u00e9curit\u00e9 des syst\u00e8mes d\u2019IA critiques"},"content":{"rendered":"","protected":false},"excerpt":{"rendered":"","protected":false},"author":1,"featured_media":0,"parent":0,"menu_order":0,"comment_status":"closed","ping_status":"closed","template":"","meta":{"_acf_changed":false,"site-sidebar-layout":"no-sidebar","site-content-layout":"","ast-site-content-layout":"full-width-container","site-content-style":"default","site-sidebar-style":"default","ast-global-header-display":"","ast-banner-title-visibility":"disabled","ast-main-header-display":"","ast-hfb-above-header-display":"","ast-hfb-below-header-display":"","ast-hfb-mobile-header-display":"","site-post-title":"","ast-breadcrumbs-content":"disabled","ast-featured-img":"","footer-sml-layout":"","ast-disable-related-posts":"","theme-transparent-header-meta":"","adv-header-id-meta":"","stick-header-meta":"","header-above-stick-meta":"","header-main-stick-meta":"","header-below-stick-meta":"","astra-migrate-meta-layouts":"default","ast-page-background-enabled":"default","ast-page-background-meta":{"desktop":{"background-color":"var(--ast-global-color-5)","background-image":"","background-repeat":"repeat","background-position":"center center","background-size":"auto","background-attachment":"scroll","background-type":"","background-media":"","overlay-type":"","overlay-color":"","overlay-opacity":"","overlay-gradient":""},"tablet":{"background-color":"","background-image":"","background-repeat":"repeat","background-position":"center center","background-size":"auto","background-attachment":"scroll","background-type":"","background-media":"","overlay-type":"","overlay-color":"","overlay-opacity":"","overlay-gradient":""},"mobile":{"background-color":"","background-image":"","background-repeat":"repeat","background-position":"center center","background-size":"auto","background-attachment":"scroll","background-type":"","background-media":"","overlay-type":"","overlay-color":"","overlay-opacity":"","overlay-gradient":""}},"ast-content-background-meta":{"desktop":{"background-color":"var(--ast-global-color-4)","background-image":"","background-repeat":"repeat","background-position":"center center","background-size":"auto","background-attachment":"scroll","background-type":"","background-media":"","overlay-type":"","overlay-color":"","overlay-opacity":"","overlay-gradient":""},"tablet":{"background-color":"var(--ast-global-color-4)","background-image":"","background-repeat":"repeat","background-position":"center center","background-size":"auto","background-attachment":"scroll","background-type":"","background-media":"","overlay-type":"","overlay-color":"","overlay-opacity":"","overlay-gradient":""},"mobile":{"background-color":"var(--ast-global-color-4)","background-image":"","background-repeat":"repeat","background-position":"center center","background-size":"auto","background-attachment":"scroll","background-type":"","background-media":"","overlay-type":"","overlay-color":"","overlay-opacity":"","overlay-gradient":""}},"footnotes":""},"class_list":["post-287","page","type-page","status-publish","hentry"],"acf":[],"yoast_head":"<!-- This site is optimized with the Yoast SEO plugin v27.4 - https:\/\/yoast.com\/product\/yoast-seo-wordpress\/ -->\n<title>Assurer la s\u00e9curit\u00e9 des syst\u00e8mes d\u2019IA critiques - CAISI Year in Review<\/title>\n<meta name=\"description\" content=\"D\u00e9couvrez les outils complexes et rigoureux que nos chercheurs et chercheuses mettent au point pour \u00e9valuer la s\u00e9curit\u00e9, l\u2019exactitude et la fiabilit\u00e9 de l\u2019IA de pointe.\" \/>\n<meta name=\"robots\" content=\"index, follow, max-snippet:-1, max-image-preview:large, max-video-preview:-1\" \/>\n<link rel=\"canonical\" href=\"https:\/\/report.buildingsafeai.ca\/securing-critical-systems\/\" \/>\n<meta property=\"og:locale\" content=\"fr_FR\" \/>\n<meta property=\"og:type\" content=\"article\" \/>\n<meta property=\"og:title\" content=\"Assurer la S\u00e9curit\u00e9 des Syst\u00e8mes d\u2019IA Critiques\" \/>\n<meta property=\"og:description\" content=\"D\u00e9couvrez les outils complexes et rigoureux que nos chercheurs et chercheuses mettent au point pour \u00e9valuer la s\u00e9curit\u00e9, l\u2019exactitude et la fiabilit\u00e9 de l\u2019IA de pointe.\" \/>\n<meta property=\"og:url\" content=\"https:\/\/report.buildingsafeai.ca\/securing-critical-systems\/\" \/>\n<meta property=\"og:site_name\" content=\"CAISI Year in Review\" \/>\n<meta property=\"article:modified_time\" content=\"2026-01-15T21:13:34+00:00\" \/>\n<meta property=\"og:image\" content=\"https:\/\/report.buildingsafeai.ca\/wp-content\/uploads\/2026\/01\/article-1920x1080-eng-1024x576.jpg\" \/>\n<meta name=\"twitter:card\" content=\"summary_large_image\" \/>\n<meta name=\"twitter:title\" content=\"Assurer la S\u00e9curit\u00e9 des Syst\u00e8mes d\u2019IA Critiques\" \/>\n<meta name=\"twitter:description\" content=\"D\u00e9couvrez les outils complexes et rigoureux que nos chercheurs et chercheuses mettent au point pour \u00e9valuer la s\u00e9curit\u00e9, l\u2019exactitude et la fiabilit\u00e9 de l\u2019IA de pointe.\" \/>\n<meta name=\"twitter:image\" content=\"https:\/\/report.buildingsafeai.ca\/wp-content\/uploads\/2026\/01\/article-1920x1080-eng-1024x576.jpg\" \/>\n<script type=\"application\/ld+json\" class=\"yoast-schema-graph\">{\"@context\":\"https:\\\/\\\/schema.org\",\"@graph\":[{\"@type\":\"WebPage\",\"@id\":\"https:\\\/\\\/report.buildingsafeai.ca\\\/securing-critical-systems\\\/\",\"url\":\"https:\\\/\\\/report.buildingsafeai.ca\\\/securing-critical-systems\\\/\",\"name\":\"Assurer la s\u00e9curit\u00e9 des syst\u00e8mes d\u2019IA critiques - CAISI Year in Review\",\"isPartOf\":{\"@id\":\"https:\\\/\\\/report.buildingsafeai.ca\\\/#website\"},\"datePublished\":\"2025-12-13T22:17:25+00:00\",\"dateModified\":\"2026-01-15T21:13:34+00:00\",\"description\":\"D\u00e9couvrez les outils complexes et rigoureux que nos chercheurs et chercheuses mettent au point pour \u00e9valuer la s\u00e9curit\u00e9, l\u2019exactitude et la fiabilit\u00e9 de l\u2019IA de pointe.\",\"breadcrumb\":{\"@id\":\"https:\\\/\\\/report.buildingsafeai.ca\\\/securing-critical-systems\\\/#breadcrumb\"},\"inLanguage\":\"fr-FR\",\"potentialAction\":[{\"@type\":\"ReadAction\",\"target\":[\"https:\\\/\\\/report.buildingsafeai.ca\\\/securing-critical-systems\\\/\"]}]},{\"@type\":\"BreadcrumbList\",\"@id\":\"https:\\\/\\\/report.buildingsafeai.ca\\\/securing-critical-systems\\\/#breadcrumb\",\"itemListElement\":[{\"@type\":\"ListItem\",\"position\":1,\"name\":\"Home\",\"item\":\"https:\\\/\\\/report.buildingsafeai.ca\\\/fr\\\/\"},{\"@type\":\"ListItem\",\"position\":2,\"name\":\"Assurer la s\u00e9curit\u00e9 des syst\u00e8mes d\u2019IA critiques\"}]},{\"@type\":\"WebSite\",\"@id\":\"https:\\\/\\\/report.buildingsafeai.ca\\\/#website\",\"url\":\"https:\\\/\\\/report.buildingsafeai.ca\\\/\",\"name\":\"CAISI Year in Review\",\"description\":\"\",\"publisher\":{\"@id\":\"https:\\\/\\\/report.buildingsafeai.ca\\\/#organization\"},\"potentialAction\":[{\"@type\":\"SearchAction\",\"target\":{\"@type\":\"EntryPoint\",\"urlTemplate\":\"https:\\\/\\\/report.buildingsafeai.ca\\\/?s={search_term_string}\"},\"query-input\":{\"@type\":\"PropertyValueSpecification\",\"valueRequired\":true,\"valueName\":\"search_term_string\"}}],\"inLanguage\":\"fr-FR\"},{\"@type\":\"Organization\",\"@id\":\"https:\\\/\\\/report.buildingsafeai.ca\\\/#organization\",\"name\":\"CIFAR\",\"url\":\"https:\\\/\\\/report.buildingsafeai.ca\\\/\",\"logo\":{\"@type\":\"ImageObject\",\"inLanguage\":\"fr-FR\",\"@id\":\"https:\\\/\\\/report.buildingsafeai.ca\\\/#\\\/schema\\\/logo\\\/image\\\/\",\"url\":\"https:\\\/\\\/report.buildingsafeai.ca\\\/wp-content\\\/uploads\\\/2025\\\/12\\\/CIFAR-logo-red-RGB.svg\",\"contentUrl\":\"https:\\\/\\\/report.buildingsafeai.ca\\\/wp-content\\\/uploads\\\/2025\\\/12\\\/CIFAR-logo-red-RGB.svg\",\"width\":450,\"height\":144,\"caption\":\"CIFAR\"},\"image\":{\"@id\":\"https:\\\/\\\/report.buildingsafeai.ca\\\/#\\\/schema\\\/logo\\\/image\\\/\"}}]}<\/script>\n<!-- \/ Yoast SEO plugin. -->","yoast_head_json":{"title":"Assurer la s\u00e9curit\u00e9 des syst\u00e8mes d\u2019IA critiques - CAISI Year in Review","description":"D\u00e9couvrez les outils complexes et rigoureux que nos chercheurs et chercheuses mettent au point pour \u00e9valuer la s\u00e9curit\u00e9, l\u2019exactitude et la fiabilit\u00e9 de l\u2019IA de pointe.","robots":{"index":"index","follow":"follow","max-snippet":"max-snippet:-1","max-image-preview":"max-image-preview:large","max-video-preview":"max-video-preview:-1"},"canonical":"https:\/\/report.buildingsafeai.ca\/securing-critical-systems\/","og_locale":"fr_FR","og_type":"article","og_title":"Assurer la S\u00e9curit\u00e9 des Syst\u00e8mes d\u2019IA Critiques","og_description":"D\u00e9couvrez les outils complexes et rigoureux que nos chercheurs et chercheuses mettent au point pour \u00e9valuer la s\u00e9curit\u00e9, l\u2019exactitude et la fiabilit\u00e9 de l\u2019IA de pointe.","og_url":"https:\/\/report.buildingsafeai.ca\/securing-critical-systems\/","og_site_name":"CAISI Year in Review","article_modified_time":"2026-01-15T21:13:34+00:00","og_image":[{"url":"https:\/\/report.buildingsafeai.ca\/wp-content\/uploads\/2026\/01\/article-1920x1080-eng-1024x576.jpg","type":"","width":"","height":""}],"twitter_card":"summary_large_image","twitter_title":"Assurer la S\u00e9curit\u00e9 des Syst\u00e8mes d\u2019IA Critiques","twitter_description":"D\u00e9couvrez les outils complexes et rigoureux que nos chercheurs et chercheuses mettent au point pour \u00e9valuer la s\u00e9curit\u00e9, l\u2019exactitude et la fiabilit\u00e9 de l\u2019IA de pointe.","twitter_image":"https:\/\/report.buildingsafeai.ca\/wp-content\/uploads\/2026\/01\/article-1920x1080-eng-1024x576.jpg","schema":{"@context":"https:\/\/schema.org","@graph":[{"@type":"WebPage","@id":"https:\/\/report.buildingsafeai.ca\/securing-critical-systems\/","url":"https:\/\/report.buildingsafeai.ca\/securing-critical-systems\/","name":"Assurer la s\u00e9curit\u00e9 des syst\u00e8mes d\u2019IA critiques - CAISI Year in Review","isPartOf":{"@id":"https:\/\/report.buildingsafeai.ca\/#website"},"datePublished":"2025-12-13T22:17:25+00:00","dateModified":"2026-01-15T21:13:34+00:00","description":"D\u00e9couvrez les outils complexes et rigoureux que nos chercheurs et chercheuses mettent au point pour \u00e9valuer la s\u00e9curit\u00e9, l\u2019exactitude et la fiabilit\u00e9 de l\u2019IA de pointe.","breadcrumb":{"@id":"https:\/\/report.buildingsafeai.ca\/securing-critical-systems\/#breadcrumb"},"inLanguage":"fr-FR","potentialAction":[{"@type":"ReadAction","target":["https:\/\/report.buildingsafeai.ca\/securing-critical-systems\/"]}]},{"@type":"BreadcrumbList","@id":"https:\/\/report.buildingsafeai.ca\/securing-critical-systems\/#breadcrumb","itemListElement":[{"@type":"ListItem","position":1,"name":"Home","item":"https:\/\/report.buildingsafeai.ca\/fr\/"},{"@type":"ListItem","position":2,"name":"Assurer la s\u00e9curit\u00e9 des syst\u00e8mes d\u2019IA critiques"}]},{"@type":"WebSite","@id":"https:\/\/report.buildingsafeai.ca\/#website","url":"https:\/\/report.buildingsafeai.ca\/","name":"CAISI Year in Review","description":"","publisher":{"@id":"https:\/\/report.buildingsafeai.ca\/#organization"},"potentialAction":[{"@type":"SearchAction","target":{"@type":"EntryPoint","urlTemplate":"https:\/\/report.buildingsafeai.ca\/?s={search_term_string}"},"query-input":{"@type":"PropertyValueSpecification","valueRequired":true,"valueName":"search_term_string"}}],"inLanguage":"fr-FR"},{"@type":"Organization","@id":"https:\/\/report.buildingsafeai.ca\/#organization","name":"CIFAR","url":"https:\/\/report.buildingsafeai.ca\/","logo":{"@type":"ImageObject","inLanguage":"fr-FR","@id":"https:\/\/report.buildingsafeai.ca\/#\/schema\/logo\/image\/","url":"https:\/\/report.buildingsafeai.ca\/wp-content\/uploads\/2025\/12\/CIFAR-logo-red-RGB.svg","contentUrl":"https:\/\/report.buildingsafeai.ca\/wp-content\/uploads\/2025\/12\/CIFAR-logo-red-RGB.svg","width":450,"height":144,"caption":"CIFAR"},"image":{"@id":"https:\/\/report.buildingsafeai.ca\/#\/schema\/logo\/image\/"}}]}},"_links":{"self":[{"href":"https:\/\/report.buildingsafeai.ca\/fr\/wp-json\/wp\/v2\/pages\/287","targetHints":{"allow":["GET"]}}],"collection":[{"href":"https:\/\/report.buildingsafeai.ca\/fr\/wp-json\/wp\/v2\/pages"}],"about":[{"href":"https:\/\/report.buildingsafeai.ca\/fr\/wp-json\/wp\/v2\/types\/page"}],"author":[{"embeddable":true,"href":"https:\/\/report.buildingsafeai.ca\/fr\/wp-json\/wp\/v2\/users\/1"}],"replies":[{"embeddable":true,"href":"https:\/\/report.buildingsafeai.ca\/fr\/wp-json\/wp\/v2\/comments?post=287"}],"version-history":[{"count":0,"href":"https:\/\/report.buildingsafeai.ca\/fr\/wp-json\/wp\/v2\/pages\/287\/revisions"}],"wp:attachment":[{"href":"https:\/\/report.buildingsafeai.ca\/fr\/wp-json\/wp\/v2\/media?parent=287"}],"curies":[{"name":"wp","href":"https:\/\/api.w.org\/{rel}","templated":true}]}}