{"id":226,"date":"2025-12-13T22:19:00","date_gmt":"2025-12-13T22:19:00","guid":{"rendered":"https:\/\/caisi-2025.local\/?page_id=226"},"modified":"2026-01-12T19:23:54","modified_gmt":"2026-01-12T19:23:54","slug":"notre-impact","status":"publish","type":"page","link":"https:\/\/report.buildingsafeai.ca\/fr\/","title":{"rendered":"Notre impact"},"content":{"rendered":"","protected":false},"excerpt":{"rendered":"","protected":false},"author":1,"featured_media":0,"parent":0,"menu_order":0,"comment_status":"closed","ping_status":"closed","template":"","meta":{"_acf_changed":false,"site-sidebar-layout":"no-sidebar","site-content-layout":"","ast-site-content-layout":"full-width-container","site-content-style":"unboxed","site-sidebar-style":"unboxed","ast-global-header-display":"","ast-banner-title-visibility":"disabled","ast-main-header-display":"","ast-hfb-above-header-display":"","ast-hfb-below-header-display":"","ast-hfb-mobile-header-display":"","site-post-title":"","ast-breadcrumbs-content":"","ast-featured-img":"","footer-sml-layout":"","ast-disable-related-posts":"","theme-transparent-header-meta":"","adv-header-id-meta":"","stick-header-meta":"","header-above-stick-meta":"","header-main-stick-meta":"","header-below-stick-meta":"","astra-migrate-meta-layouts":"default","ast-page-background-enabled":"default","ast-page-background-meta":{"desktop":{"background-color":"var(--ast-global-color-5)","background-image":"","background-repeat":"repeat","background-position":"center center","background-size":"auto","background-attachment":"scroll","background-type":"","background-media":"","overlay-type":"","overlay-color":"","overlay-opacity":"","overlay-gradient":""},"tablet":{"background-color":"","background-image":"","background-repeat":"repeat","background-position":"center center","background-size":"auto","background-attachment":"scroll","background-type":"","background-media":"","overlay-type":"","overlay-color":"","overlay-opacity":"","overlay-gradient":""},"mobile":{"background-color":"","background-image":"","background-repeat":"repeat","background-position":"center center","background-size":"auto","background-attachment":"scroll","background-type":"","background-media":"","overlay-type":"","overlay-color":"","overlay-opacity":"","overlay-gradient":""}},"ast-content-background-meta":{"desktop":{"background-color":"var(--ast-global-color-4)","background-image":"","background-repeat":"repeat","background-position":"center center","background-size":"auto","background-attachment":"scroll","background-type":"","background-media":"","overlay-type":"","overlay-color":"","overlay-opacity":"","overlay-gradient":""},"tablet":{"background-color":"var(--ast-global-color-4)","background-image":"","background-repeat":"repeat","background-position":"center center","background-size":"auto","background-attachment":"scroll","background-type":"","background-media":"","overlay-type":"","overlay-color":"","overlay-opacity":"","overlay-gradient":""},"mobile":{"background-color":"var(--ast-global-color-4)","background-image":"","background-repeat":"repeat","background-position":"center center","background-size":"auto","background-attachment":"scroll","background-type":"","background-media":"","overlay-type":"","overlay-color":"","overlay-opacity":"","overlay-gradient":""}},"footnotes":""},"class_list":["post-226","page","type-page","status-publish","hentry"],"acf":[],"yoast_head":"<!-- This site is optimized with the Yoast SEO plugin v27.4 - https:\/\/yoast.com\/product\/yoast-seo-wordpress\/ -->\n<title>Notre impact - CAISI Year in Review<\/title>\n<meta name=\"description\" content=\"Parcourez le rapport 2025 B\u00e2tir une IA plus s\u00fbre au service des Canadiennes et Canadiens et d\u00e9couvrez comment le Programme de recherche de l\u2019ICSIA au CIFAR fait avancer la recherche et la formation pour rendre l\u2019IA plus s\u00fbre pour tous et toutes.\" \/>\n<meta name=\"robots\" content=\"index, follow, max-snippet:-1, max-image-preview:large, max-video-preview:-1\" \/>\n<link rel=\"canonical\" href=\"https:\/\/report.buildingsafeai.ca\/fr\/\" \/>\n<meta property=\"og:locale\" content=\"fr_FR\" \/>\n<meta property=\"og:type\" content=\"article\" \/>\n<meta property=\"og:title\" content=\"Programme de recherche de l\u2019ICSIA au CIFAR \u2014 R\u00e9trospective de l\u2019ann\u00e9e 2025 : b\u00e2tir une IA plus s\u00fbre au service des Canadiennes et Canadiens\" \/>\n<meta property=\"og:description\" content=\"Parcourez le rapport 2025 B\u00e2tir une IA plus s\u00fbre au service des Canadiennes et Canadiens et d\u00e9couvrez comment le Programme de recherche de l\u2019ICSIA au CIFAR fait avancer la recherche et la formation pour rendre l\u2019IA plus s\u00fbre pour tous et toutes.\" \/>\n<meta property=\"og:url\" content=\"https:\/\/report.buildingsafeai.ca\/fr\/\" \/>\n<meta property=\"og:site_name\" content=\"CAISI Year in Review\" \/>\n<meta property=\"article:modified_time\" content=\"2026-01-12T19:23:54+00:00\" \/>\n<meta property=\"og:image\" content=\"https:\/\/report.buildingsafeai.ca\/wp-content\/uploads\/2026\/01\/article-1920x1080-eng-1024x576.jpg\" \/>\n<meta name=\"twitter:card\" content=\"summary_large_image\" \/>\n<meta name=\"twitter:title\" content=\"Programme de recherche de l\u2019ICSIA au CIFAR \u2014 R\u00e9trospective de l\u2019ann\u00e9e 2025 : b\u00e2tir une IA plus s\u00fbre au service des Canadiennes et Canadiens\" \/>\n<meta name=\"twitter:description\" content=\"Parcourez le rapport 2025 B\u00e2tir une IA plus s\u00fbre au service des Canadiennes et Canadiens et d\u00e9couvrez comment le Programme de recherche de l\u2019ICSIA au CIFAR fait avancer la recherche et la formation pour rendre l\u2019IA plus s\u00fbre pour tous et toutes.\" \/>\n<meta name=\"twitter:image\" content=\"https:\/\/report.buildingsafeai.ca\/wp-content\/uploads\/2026\/01\/article-1920x1080-eng-1024x576.jpg\" \/>\n<script type=\"application\/ld+json\" class=\"yoast-schema-graph\">{\"@context\":\"https:\\\/\\\/schema.org\",\"@graph\":[{\"@type\":\"WebPage\",\"@id\":\"https:\\\/\\\/report.buildingsafeai.ca\\\/fr\\\/\",\"url\":\"https:\\\/\\\/report.buildingsafeai.ca\\\/fr\\\/\",\"name\":\"Notre impact - CAISI Year in Review\",\"isPartOf\":{\"@id\":\"https:\\\/\\\/report.buildingsafeai.ca\\\/#website\"},\"datePublished\":\"2025-12-13T22:19:00+00:00\",\"dateModified\":\"2026-01-12T19:23:54+00:00\",\"description\":\"Parcourez le rapport 2025 B\u00e2tir une IA plus s\u00fbre au service des Canadiennes et Canadiens et d\u00e9couvrez comment le Programme de recherche de l\u2019ICSIA au CIFAR fait avancer la recherche et la formation pour rendre l\u2019IA plus s\u00fbre pour tous et toutes.\",\"breadcrumb\":{\"@id\":\"https:\\\/\\\/report.buildingsafeai.ca\\\/fr\\\/#breadcrumb\"},\"inLanguage\":\"fr-FR\",\"potentialAction\":[{\"@type\":\"ReadAction\",\"target\":[\"https:\\\/\\\/report.buildingsafeai.ca\\\/fr\\\/\"]}]},{\"@type\":\"BreadcrumbList\",\"@id\":\"https:\\\/\\\/report.buildingsafeai.ca\\\/fr\\\/#breadcrumb\",\"itemListElement\":[{\"@type\":\"ListItem\",\"position\":1,\"name\":\"Home\",\"item\":\"https:\\\/\\\/report.buildingsafeai.ca\\\/fr\\\/\"},{\"@type\":\"ListItem\",\"position\":2,\"name\":\"Notre impact\"}]},{\"@type\":\"WebSite\",\"@id\":\"https:\\\/\\\/report.buildingsafeai.ca\\\/#website\",\"url\":\"https:\\\/\\\/report.buildingsafeai.ca\\\/\",\"name\":\"CAISI Year in Review\",\"description\":\"\",\"publisher\":{\"@id\":\"https:\\\/\\\/report.buildingsafeai.ca\\\/#organization\"},\"potentialAction\":[{\"@type\":\"SearchAction\",\"target\":{\"@type\":\"EntryPoint\",\"urlTemplate\":\"https:\\\/\\\/report.buildingsafeai.ca\\\/?s={search_term_string}\"},\"query-input\":{\"@type\":\"PropertyValueSpecification\",\"valueRequired\":true,\"valueName\":\"search_term_string\"}}],\"inLanguage\":\"fr-FR\"},{\"@type\":\"Organization\",\"@id\":\"https:\\\/\\\/report.buildingsafeai.ca\\\/#organization\",\"name\":\"CIFAR\",\"url\":\"https:\\\/\\\/report.buildingsafeai.ca\\\/\",\"logo\":{\"@type\":\"ImageObject\",\"inLanguage\":\"fr-FR\",\"@id\":\"https:\\\/\\\/report.buildingsafeai.ca\\\/#\\\/schema\\\/logo\\\/image\\\/\",\"url\":\"https:\\\/\\\/report.buildingsafeai.ca\\\/wp-content\\\/uploads\\\/2025\\\/12\\\/CIFAR-logo-red-RGB.svg\",\"contentUrl\":\"https:\\\/\\\/report.buildingsafeai.ca\\\/wp-content\\\/uploads\\\/2025\\\/12\\\/CIFAR-logo-red-RGB.svg\",\"width\":450,\"height\":144,\"caption\":\"CIFAR\"},\"image\":{\"@id\":\"https:\\\/\\\/report.buildingsafeai.ca\\\/#\\\/schema\\\/logo\\\/image\\\/\"}}]}<\/script>\n<!-- \/ Yoast SEO plugin. -->","yoast_head_json":{"title":"Notre impact - CAISI Year in Review","description":"Parcourez le rapport 2025 B\u00e2tir une IA plus s\u00fbre au service des Canadiennes et Canadiens et d\u00e9couvrez comment le Programme de recherche de l\u2019ICSIA au CIFAR fait avancer la recherche et la formation pour rendre l\u2019IA plus s\u00fbre pour tous et toutes.","robots":{"index":"index","follow":"follow","max-snippet":"max-snippet:-1","max-image-preview":"max-image-preview:large","max-video-preview":"max-video-preview:-1"},"canonical":"https:\/\/report.buildingsafeai.ca\/fr\/","og_locale":"fr_FR","og_type":"article","og_title":"Programme de recherche de l\u2019ICSIA au CIFAR \u2014 R\u00e9trospective de l\u2019ann\u00e9e 2025 : b\u00e2tir une IA plus s\u00fbre au service des Canadiennes et Canadiens","og_description":"Parcourez le rapport 2025 B\u00e2tir une IA plus s\u00fbre au service des Canadiennes et Canadiens et d\u00e9couvrez comment le Programme de recherche de l\u2019ICSIA au CIFAR fait avancer la recherche et la formation pour rendre l\u2019IA plus s\u00fbre pour tous et toutes.","og_url":"https:\/\/report.buildingsafeai.ca\/fr\/","og_site_name":"CAISI Year in Review","article_modified_time":"2026-01-12T19:23:54+00:00","og_image":[{"url":"https:\/\/report.buildingsafeai.ca\/wp-content\/uploads\/2026\/01\/article-1920x1080-eng-1024x576.jpg","type":"","width":"","height":""}],"twitter_card":"summary_large_image","twitter_title":"Programme de recherche de l\u2019ICSIA au CIFAR \u2014 R\u00e9trospective de l\u2019ann\u00e9e 2025 : b\u00e2tir une IA plus s\u00fbre au service des Canadiennes et Canadiens","twitter_description":"Parcourez le rapport 2025 B\u00e2tir une IA plus s\u00fbre au service des Canadiennes et Canadiens et d\u00e9couvrez comment le Programme de recherche de l\u2019ICSIA au CIFAR fait avancer la recherche et la formation pour rendre l\u2019IA plus s\u00fbre pour tous et toutes.","twitter_image":"https:\/\/report.buildingsafeai.ca\/wp-content\/uploads\/2026\/01\/article-1920x1080-eng-1024x576.jpg","schema":{"@context":"https:\/\/schema.org","@graph":[{"@type":"WebPage","@id":"https:\/\/report.buildingsafeai.ca\/fr\/","url":"https:\/\/report.buildingsafeai.ca\/fr\/","name":"Notre impact - CAISI Year in Review","isPartOf":{"@id":"https:\/\/report.buildingsafeai.ca\/#website"},"datePublished":"2025-12-13T22:19:00+00:00","dateModified":"2026-01-12T19:23:54+00:00","description":"Parcourez le rapport 2025 B\u00e2tir une IA plus s\u00fbre au service des Canadiennes et Canadiens et d\u00e9couvrez comment le Programme de recherche de l\u2019ICSIA au CIFAR fait avancer la recherche et la formation pour rendre l\u2019IA plus s\u00fbre pour tous et toutes.","breadcrumb":{"@id":"https:\/\/report.buildingsafeai.ca\/fr\/#breadcrumb"},"inLanguage":"fr-FR","potentialAction":[{"@type":"ReadAction","target":["https:\/\/report.buildingsafeai.ca\/fr\/"]}]},{"@type":"BreadcrumbList","@id":"https:\/\/report.buildingsafeai.ca\/fr\/#breadcrumb","itemListElement":[{"@type":"ListItem","position":1,"name":"Home","item":"https:\/\/report.buildingsafeai.ca\/fr\/"},{"@type":"ListItem","position":2,"name":"Notre impact"}]},{"@type":"WebSite","@id":"https:\/\/report.buildingsafeai.ca\/#website","url":"https:\/\/report.buildingsafeai.ca\/","name":"CAISI Year in Review","description":"","publisher":{"@id":"https:\/\/report.buildingsafeai.ca\/#organization"},"potentialAction":[{"@type":"SearchAction","target":{"@type":"EntryPoint","urlTemplate":"https:\/\/report.buildingsafeai.ca\/?s={search_term_string}"},"query-input":{"@type":"PropertyValueSpecification","valueRequired":true,"valueName":"search_term_string"}}],"inLanguage":"fr-FR"},{"@type":"Organization","@id":"https:\/\/report.buildingsafeai.ca\/#organization","name":"CIFAR","url":"https:\/\/report.buildingsafeai.ca\/","logo":{"@type":"ImageObject","inLanguage":"fr-FR","@id":"https:\/\/report.buildingsafeai.ca\/#\/schema\/logo\/image\/","url":"https:\/\/report.buildingsafeai.ca\/wp-content\/uploads\/2025\/12\/CIFAR-logo-red-RGB.svg","contentUrl":"https:\/\/report.buildingsafeai.ca\/wp-content\/uploads\/2025\/12\/CIFAR-logo-red-RGB.svg","width":450,"height":144,"caption":"CIFAR"},"image":{"@id":"https:\/\/report.buildingsafeai.ca\/#\/schema\/logo\/image\/"}}]}},"_links":{"self":[{"href":"https:\/\/report.buildingsafeai.ca\/fr\/wp-json\/wp\/v2\/pages\/226","targetHints":{"allow":["GET"]}}],"collection":[{"href":"https:\/\/report.buildingsafeai.ca\/fr\/wp-json\/wp\/v2\/pages"}],"about":[{"href":"https:\/\/report.buildingsafeai.ca\/fr\/wp-json\/wp\/v2\/types\/page"}],"author":[{"embeddable":true,"href":"https:\/\/report.buildingsafeai.ca\/fr\/wp-json\/wp\/v2\/users\/1"}],"replies":[{"embeddable":true,"href":"https:\/\/report.buildingsafeai.ca\/fr\/wp-json\/wp\/v2\/comments?post=226"}],"version-history":[{"count":0,"href":"https:\/\/report.buildingsafeai.ca\/fr\/wp-json\/wp\/v2\/pages\/226\/revisions"}],"wp:attachment":[{"href":"https:\/\/report.buildingsafeai.ca\/fr\/wp-json\/wp\/v2\/media?parent=226"}],"curies":[{"name":"wp","href":"https:\/\/api.w.org\/{rel}","templated":true}]}}